{"id":413,"date":"2024-04-18T13:23:34","date_gmt":"2024-04-18T11:23:34","guid":{"rendered":"https:\/\/atelierdespetitsregards.fr\/?page_id=413"},"modified":"2024-05-16T12:34:58","modified_gmt":"2024-05-16T10:34:58","slug":"mentions-legales","status":"publish","type":"page","link":"https:\/\/atelierdespetitsregards.fr\/index.php\/mentions-legales\/","title":{"rendered":"Mentions l\u00e9gales"},"content":{"rendered":"\t\t<div data-elementor-type=\"wp-page\" data-elementor-id=\"413\" class=\"elementor elementor-413\">\n\t\t\t\t<div class=\"elementor-element elementor-element-e62f2b1 e-flex e-con-boxed e-con e-parent\" data-id=\"e62f2b1\" data-element_type=\"container\">\n\t\t\t\t\t<div class=\"e-con-inner\">\n\t\t\t\t<div class=\"elementor-element elementor-element-e3b620d elementor-widget elementor-widget-heading\" data-id=\"e3b620d\" data-element_type=\"widget\" data-widget_type=\"heading.default\">\n\t\t\t\t<div class=\"elementor-widget-container\">\n\t\t\t\t\t<h1 class=\"elementor-heading-title elementor-size-default\">Mentions l\u00e9gales<\/h1>\t\t\t\t<\/div>\n\t\t\t\t<\/div>\n\t\t\t\t\t<\/div>\n\t\t\t\t<\/div>\n\t\t<div class=\"elementor-element elementor-element-f8929c6 e-flex e-con-boxed e-con e-parent\" data-id=\"f8929c6\" data-element_type=\"container\">\n\t\t\t\t\t<div class=\"e-con-inner\">\n\t\t\t\t<div class=\"elementor-element elementor-element-062424a elementor-widget elementor-widget-image\" data-id=\"062424a\" data-element_type=\"widget\" data-widget_type=\"image.default\">\n\t\t\t\t<div class=\"elementor-widget-container\">\n\t\t\t\t\t\t\t\t\t\t\t\t\t\t\t<img fetchpriority=\"high\" decoding=\"async\" width=\"300\" height=\"192\" src=\"https:\/\/atelierdespetitsregards.fr\/wp-content\/uploads\/2024\/04\/IMG_7382-removebg-preview-300x192.png\" class=\"attachment-medium size-medium wp-image-400\" alt=\"\" srcset=\"https:\/\/atelierdespetitsregards.fr\/wp-content\/uploads\/2024\/04\/IMG_7382-removebg-preview-300x192.png 300w, https:\/\/atelierdespetitsregards.fr\/wp-content\/uploads\/2024\/04\/IMG_7382-removebg-preview.png 625w\" sizes=\"(max-width: 300px) 100vw, 300px\" \/>\t\t\t\t\t\t\t\t\t\t\t\t\t\t\t<\/div>\n\t\t\t\t<\/div>\n\t\t\t\t\t<\/div>\n\t\t\t\t<\/div>\n\t\t<div class=\"elementor-element elementor-element-ee8034c e-con-full e-flex e-con e-parent\" data-id=\"ee8034c\" data-element_type=\"container\" data-settings=\"{&quot;shape_divider_top&quot;:&quot;wave-brush&quot;}\">\n\t\t\t\t<div class=\"elementor-shape elementor-shape-top\" aria-hidden=\"true\" data-negative=\"false\">\n\t\t\t<svg xmlns=\"http:\/\/www.w3.org\/2000\/svg\" viewBox=\"0 0 283.5 27.8\" preserveAspectRatio=\"none\">\n\t<path class=\"elementor-shape-fill\" d=\"M283.5,9.7c0,0-7.3,4.3-14,4.6c-6.8,0.3-12.6,0-20.9-1.5c-11.3-2-33.1-10.1-44.7-5.7\ts-12.1,4.6-18,7.4c-6.6,3.2-20,9.6-36.6,9.3C131.6,23.5,99.5,7.2,86.3,8c-1.4,0.1-6.6,0.8-10.5,2c-3.8,1.2-9.4,3.8-17,4.7\tc-3.2,0.4-8.3,1.1-14.2,0.9c-1.5-0.1-6.3-0.4-12-1.6c-5.7-1.2-11-3.1-15.8-3.7C6.5,9.2,0,10.8,0,10.8V0h283.5V9.7z M260.8,11.3\tc-0.7-1-2-0.4-4.3-0.4c-2.3,0-6.1-1.2-5.8-1.1c0.3,0.1,3.1,1.5,6,1.9C259.7,12.2,261.4,12.3,260.8,11.3z M242.4,8.6\tc0,0-2.4-0.2-5.6-0.9c-3.2-0.8-10.3-2.8-15.1-3.5c-8.2-1.1-15.8,0-15.1,0.1c0.8,0.1,9.6-0.6,17.6,1.1c3.3,0.7,9.3,2.2,12.4,2.7\tC239.9,8.7,242.4,8.6,242.4,8.6z M185.2,8.5c1.7-0.7-13.3,4.7-18.5,6.1c-2.1,0.6-6.2,1.6-10,2c-3.9,0.4-8.9,0.4-8.8,0.5\tc0,0.2,5.8,0.8,11.2,0c5.4-0.8,5.2-1.1,7.6-1.6C170.5,14.7,183.5,9.2,185.2,8.5z M199.1,6.9c0.2,0-0.8-0.4-4.8,1.1\tc-4,1.5-6.7,3.5-6.9,3.7c-0.2,0.1,3.5-1.8,6.6-3C197,7.5,199,6.9,199.1,6.9z M283,6c-0.1,0.1-1.9,1.1-4.8,2.5s-6.9,2.8-6.7,2.7\tc0.2,0,3.5-0.6,7.4-2.5C282.8,6.8,283.1,5.9,283,6z M31.3,11.6c0.1-0.2-1.9-0.2-4.5-1.2s-5.4-1.6-7.8-2C15,7.6,7.3,8.5,7.7,8.6\tC8,8.7,15.9,8.3,20.2,9.3c2.2,0.5,2.4,0.5,5.7,1.6S31.2,11.9,31.3,11.6z M73,9.2c0.4-0.1,3.5-1.6,8.4-2.6c4.9-1.1,8.9-0.5,8.9-0.8\tc0-0.3-1-0.9-6.2-0.3S72.6,9.3,73,9.2z M71.6,6.7C71.8,6.8,75,5.4,77.3,5c2.3-0.3,1.9-0.5,1.9-0.6c0-0.1-1.1-0.2-2.7,0.2\tC74.8,5.1,71.4,6.6,71.6,6.7z M93.6,4.4c0.1,0.2,3.5,0.8,5.6,1.8c2.1,1,1.8,0.6,1.9,0.5c0.1-0.1-0.8-0.8-2.4-1.3\tC97.1,4.8,93.5,4.2,93.6,4.4z M65.4,11.1c-0.1,0.3,0.3,0.5,1.9-0.2s2.6-1.3,2.2-1.2s-0.9,0.4-2.5,0.8C65.3,10.9,65.5,10.8,65.4,11.1\tz M34.5,12.4c-0.2,0,2.1,0.8,3.3,0.9c1.2,0.1,2,0.1,2-0.2c0-0.3-0.1-0.5-1.6-0.4C36.6,12.8,34.7,12.4,34.5,12.4z M152.2,21.1\tc-0.1,0.1-2.4-0.3-7.5-0.3c-5,0-13.6-2.4-17.2-3.5c-3.6-1.1,10,3.9,16.5,4.1C150.5,21.6,152.3,21,152.2,21.1z\"\/>\n\t<path class=\"elementor-shape-fill\" d=\"M269.6,18c-0.1-0.1-4.6,0.3-7.2,0c-7.3-0.7-17-3.2-16.6-2.9c0.4,0.3,13.7,3.1,17,3.3\tC267.7,18.8,269.7,18,269.6,18z\"\/>\n\t<path class=\"elementor-shape-fill\" d=\"M227.4,9.8c-0.2-0.1-4.5-1-9.5-1.2c-5-0.2-12.7,0.6-12.3,0.5c0.3-0.1,5.9-1.8,13.3-1.2\tS227.6,9.9,227.4,9.8z\"\/>\n\t<path class=\"elementor-shape-fill\" d=\"M204.5,13.4c-0.1-0.1,2-1,3.2-1.1c1.2-0.1,2,0,2,0.3c0,0.3-0.1,0.5-1.6,0.4\tC206.4,12.9,204.6,13.5,204.5,13.4z\"\/>\n\t<path class=\"elementor-shape-fill\" d=\"M201,10.6c0-0.1-4.4,1.2-6.3,2.2c-1.9,0.9-6.2,3.1-6.1,3.1c0.1,0.1,4.2-1.6,6.3-2.6\tS201,10.7,201,10.6z\"\/>\n\t<path class=\"elementor-shape-fill\" d=\"M154.5,26.7c-0.1-0.1-4.6,0.3-7.2,0c-7.3-0.7-17-3.2-16.6-2.9c0.4,0.3,13.7,3.1,17,3.3\tC152.6,27.5,154.6,26.8,154.5,26.7z\"\/>\n\t<path class=\"elementor-shape-fill\" d=\"M41.9,19.3c0,0,1.2-0.3,2.9-0.1c1.7,0.2,5.8,0.9,8.2,0.7c4.2-0.4,7.4-2.7,7-2.6\tc-0.4,0-4.3,2.2-8.6,1.9c-1.8-0.1-5.1-0.5-6.7-0.4S41.9,19.3,41.9,19.3z\"\/>\n\t<path class=\"elementor-shape-fill\" d=\"M75.5,12.6c0.2,0.1,2-0.8,4.3-1.1c2.3-0.2,2.1-0.3,2.1-0.5c0-0.1-1.8-0.4-3.4,0\tC76.9,11.5,75.3,12.5,75.5,12.6z\"\/>\n\t<path class=\"elementor-shape-fill\" d=\"M15.6,13.2c0-0.1,4.3,0,6.7,0.5c2.4,0.5,5,1.9,5,2c0,0.1-2.7-0.8-5.1-1.4\tC19.9,13.7,15.7,13.3,15.6,13.2z\"\/>\n<\/svg>\t\t<\/div>\n\t\t<div class=\"elementor-element elementor-element-ba3ba56 e-con-full e-flex e-con e-child\" data-id=\"ba3ba56\" data-element_type=\"container\">\n\t\t\t\t<div class=\"elementor-element elementor-element-4a56b1f elementor-widget elementor-widget-heading\" data-id=\"4a56b1f\" data-element_type=\"widget\" data-widget_type=\"heading.default\">\n\t\t\t\t<div class=\"elementor-widget-container\">\n\t\t\t\t\t<h2 class=\"elementor-heading-title elementor-size-default\">Editeur du site Internet<\/h2>\t\t\t\t<\/div>\n\t\t\t\t<\/div>\n\t\t\t\t<div class=\"elementor-element elementor-element-baea733 elementor-widget elementor-widget-text-editor\" data-id=\"baea733\" data-element_type=\"widget\" data-widget_type=\"text-editor.default\">\n\t\t\t\t<div class=\"elementor-widget-container\">\n\t\t\t\t\t\t\t\t\t<p>Le site Internet <a href=\"http:\/\/atelierdespetitsregards.fr\">atelierdespetitsregards.fr.<\/a><\/p><p>Responsable de publication : Mme Marion David<br \/>Forme juridique : SARL<br \/>Si\u00e8ge social : 28, Avenue de la r\u00e9publique 44600 Saint Nazaire<br \/>SIRET : 912 412 665 00024<br \/>Code APE : 4778A<br \/>Adresse mail : atelierdespetitsregards@gmail.com<\/p><p>T\u00e9l\u00e9phone : 0251750271<br \/>N\u00b0 TVA intracommunautaire : FR51912412665<br \/>N\u00b0 RCS : Saint Nazaire 912 412 665 R.C.S<\/p>\t\t\t\t\t\t\t\t<\/div>\n\t\t\t\t<\/div>\n\t\t\t\t<\/div>\n\t\t<div class=\"elementor-element elementor-element-8aab51b e-con-full e-flex e-con e-child\" data-id=\"8aab51b\" data-element_type=\"container\">\n\t\t\t\t<div class=\"elementor-element elementor-element-db41ab8 elementor-widget elementor-widget-heading\" data-id=\"db41ab8\" data-element_type=\"widget\" data-widget_type=\"heading.default\">\n\t\t\t\t<div class=\"elementor-widget-container\">\n\t\t\t\t\t<h2 class=\"elementor-heading-title elementor-size-default\">H\u00e9bergeur<\/h2>\t\t\t\t<\/div>\n\t\t\t\t<\/div>\n\t\t\t\t<div class=\"elementor-element elementor-element-8ea6716 elementor-widget elementor-widget-text-editor\" data-id=\"8ea6716\" data-element_type=\"widget\" data-widget_type=\"text-editor.default\">\n\t\t\t\t<div class=\"elementor-widget-container\">\n\t\t\t\t\t\t\t\t\t<p>OVH cloud France<br \/>140 quai Sartel<br \/>59100 Roubaix &#8211; France<\/p><p>T\u00e9l\u00e9phone: 1007<\/p>\t\t\t\t\t\t\t\t<\/div>\n\t\t\t\t<\/div>\n\t\t\t\t<\/div>\n\t\t\t\t<\/div>\n\t\t<div class=\"elementor-element elementor-element-c86a890 e-con-full e-flex e-con e-parent\" data-id=\"c86a890\" data-element_type=\"container\" data-settings=\"{&quot;shape_divider_bottom&quot;:&quot;waves&quot;,&quot;shape_divider_top&quot;:&quot;waves&quot;,&quot;background_background&quot;:&quot;classic&quot;}\">\n\t\t\t\t<div class=\"elementor-shape elementor-shape-top\" aria-hidden=\"true\" data-negative=\"false\">\n\t\t\t<svg xmlns=\"http:\/\/www.w3.org\/2000\/svg\" viewBox=\"0 0 1000 100\" preserveAspectRatio=\"none\">\n\t<path class=\"elementor-shape-fill\" d=\"M421.9,6.5c22.6-2.5,51.5,0.4,75.5,5.3c23.6,4.9,70.9,23.5,100.5,35.7c75.8,32.2,133.7,44.5,192.6,49.7\n\tc23.6,2.1,48.7,3.5,103.4-2.5c54.7-6,106.2-25.6,106.2-25.6V0H0v30.3c0,0,72,32.6,158.4,30.5c39.2-0.7,92.8-6.7,134-22.4\n\tc21.2-8.1,52.2-18.2,79.7-24.2C399.3,7.9,411.6,7.5,421.9,6.5z\"\/>\n<\/svg>\t\t<\/div>\n\t\t\t\t<div class=\"elementor-shape elementor-shape-bottom\" aria-hidden=\"true\" data-negative=\"false\">\n\t\t\t<svg xmlns=\"http:\/\/www.w3.org\/2000\/svg\" viewBox=\"0 0 1000 100\" preserveAspectRatio=\"none\">\n\t<path class=\"elementor-shape-fill\" d=\"M421.9,6.5c22.6-2.5,51.5,0.4,75.5,5.3c23.6,4.9,70.9,23.5,100.5,35.7c75.8,32.2,133.7,44.5,192.6,49.7\n\tc23.6,2.1,48.7,3.5,103.4-2.5c54.7-6,106.2-25.6,106.2-25.6V0H0v30.3c0,0,72,32.6,158.4,30.5c39.2-0.7,92.8-6.7,134-22.4\n\tc21.2-8.1,52.2-18.2,79.7-24.2C399.3,7.9,411.6,7.5,421.9,6.5z\"\/>\n<\/svg>\t\t<\/div>\n\t\t<div class=\"elementor-element elementor-element-a99c278 e-con-full e-flex e-con e-child\" data-id=\"a99c278\" data-element_type=\"container\">\n\t\t\t\t<div class=\"elementor-element elementor-element-620554b elementor-widget elementor-widget-heading\" data-id=\"620554b\" data-element_type=\"widget\" data-widget_type=\"heading.default\">\n\t\t\t\t<div class=\"elementor-widget-container\">\n\t\t\t\t\t<h2 class=\"elementor-heading-title elementor-size-default\">Cr\u00e9ateur du site web<\/h2>\t\t\t\t<\/div>\n\t\t\t\t<\/div>\n\t\t\t\t<div class=\"elementor-element elementor-element-2e8d3d8 elementor-widget elementor-widget-text-editor\" data-id=\"2e8d3d8\" data-element_type=\"widget\" data-widget_type=\"text-editor.default\">\n\t\t\t\t<div class=\"elementor-widget-container\">\n\t\t\t\t\t\t\t\t\t<p><b>Nom: <\/b>Bettendroffer<\/p><p>\u00a0<\/p><p><b>Pr\u00e9noms:\u00a0<\/b>Lise<br \/><b><\/b><\/p><p><b>Raison sociale:\u00a0<\/b>Auto-Entrepreneur<br \/><b><\/b><\/p><p><b>N\u00b0 SIRET:\u00a0<\/b>89743029400016<br \/><b><\/b><\/p><p><b>Adresse:\u00a0<\/b>337D Chemin de Valaves 83560 Rians<br \/><b><\/b><\/p><p><b>T\u00e9l\u00e9phone:\u00a0<\/b>0615950678<br \/><b><\/b><\/p><p><b>Mail:\u00a0<\/b><a href=\"https:\/\/liseaweb.com\/\" target=\"_blank\" rel=\"noopener\">sitepro@liseaweb.com<\/a><\/p><p><strong>Site<\/strong>\u00a0:\u00a0<a href=\"https:\/\/liseaweb.com\/\" target=\"_blank\" rel=\"noopener\">https:\/\/liseaweb.com<\/a><\/p>\t\t\t\t\t\t\t\t<\/div>\n\t\t\t\t<\/div>\n\t\t\t\t<\/div>\n\t\t<div class=\"elementor-element elementor-element-f15fef2 e-con-full e-flex e-con e-child\" data-id=\"f15fef2\" data-element_type=\"container\">\n\t\t\t\t<div class=\"elementor-element elementor-element-95dbd43 elementor-widget elementor-widget-text-editor\" data-id=\"95dbd43\" data-element_type=\"widget\" data-widget_type=\"text-editor.default\">\n\t\t\t\t<div class=\"elementor-widget-container\">\n\t\t\t\t\t\t\t\t\t<p>En tant que cr\u00e9atrice du site <a href=\"https:\/\/atelierdespetitsregards.fr\/\">Atelierdespetitsregards.fr<\/a>, <strong>Lise Bettendroffer<\/strong>, je d\u00e9clare que ma responsabilit\u00e9 ne peut \u00eatre engag\u00e9e pour tous les d\u00e9sagr\u00e9ments ou dommages li\u00e9s \u00e0 l\u2019utilisation d\u2019Internet, tels qu\u2019une interruption de service, une intrusion ext\u00e9rieure, la pr\u00e9sence de virus informatiques, ou tout \u00e9v\u00e9nement consid\u00e9r\u00e9 comme un cas de force majeure, conform\u00e9ment \u00e0 la jurisprudence.<\/p><p>Malgr\u00e9 le soin minutieux apport\u00e9 \u00e0 la conception de ce site, je ne peux \u00eatre tenue responsable d\u2019\u00e9ventuelles erreurs qui pourraient s\u2019y trouver. De plus, je ne saurais \u00eatre tenue responsable en cas de pr\u00e9sence de contenu inappropri\u00e9 sur le site, ni en cas de d\u00e9t\u00e9rioration du site, \u00e9tant donn\u00e9 que l\u2019entreprise atelierdespetitsregards.fr d\u00e9tient les droits d\u2019administration du site web.<\/p>\t\t\t\t\t\t\t\t<\/div>\n\t\t\t\t<\/div>\n\t\t\t\t<\/div>\n\t\t\t\t<\/div>\n\t\t<div class=\"elementor-element elementor-element-ba5c872 e-flex e-con-boxed e-con e-parent\" data-id=\"ba5c872\" data-element_type=\"container\" data-settings=\"{&quot;background_background&quot;:&quot;classic&quot;,&quot;shape_divider_bottom&quot;:&quot;waves&quot;}\">\n\t\t\t\t\t<div class=\"e-con-inner\">\n\t\t\t\t<div class=\"elementor-shape elementor-shape-bottom\" aria-hidden=\"true\" data-negative=\"false\">\n\t\t\t<svg xmlns=\"http:\/\/www.w3.org\/2000\/svg\" viewBox=\"0 0 1000 100\" preserveAspectRatio=\"none\">\n\t<path class=\"elementor-shape-fill\" d=\"M421.9,6.5c22.6-2.5,51.5,0.4,75.5,5.3c23.6,4.9,70.9,23.5,100.5,35.7c75.8,32.2,133.7,44.5,192.6,49.7\n\tc23.6,2.1,48.7,3.5,103.4-2.5c54.7-6,106.2-25.6,106.2-25.6V0H0v30.3c0,0,72,32.6,158.4,30.5c39.2-0.7,92.8-6.7,134-22.4\n\tc21.2-8.1,52.2-18.2,79.7-24.2C399.3,7.9,411.6,7.5,421.9,6.5z\"\/>\n<\/svg>\t\t<\/div>\n\t\t\t\t<div class=\"elementor-element elementor-element-cb175e8 elementor-widget elementor-widget-heading\" data-id=\"cb175e8\" data-element_type=\"widget\" data-widget_type=\"heading.default\">\n\t\t\t\t<div class=\"elementor-widget-container\">\n\t\t\t\t\t<h2 class=\"elementor-heading-title elementor-size-default\">Gestion des Cookies<\/h2>\t\t\t\t<\/div>\n\t\t\t\t<\/div>\n\t\t\t\t<div class=\"elementor-element elementor-element-ac82814 elementor-widget elementor-widget-text-editor\" data-id=\"ac82814\" data-element_type=\"widget\" data-widget_type=\"text-editor.default\">\n\t\t\t\t<div class=\"elementor-widget-container\">\n\t\t\t\t\t\t\t\t\t<div class=\"col-xs-12 col-md-6\"><div class=\"elementor-element elementor-element-7458eaa e-con-full e-flex e-con e-child\" data-id=\"7458eaa\" data-element_type=\"container\"><div class=\"elementor-element elementor-element-69e0ccc elementor-widget elementor-widget-text-editor\" data-id=\"69e0ccc\" data-element_type=\"widget\" data-widget_type=\"text-editor.default\"><div class=\"elementor-widget-container\"><div class=\"elementor-element elementor-element-257843c e-flex e-con-boxed e-con e-parent\" data-id=\"257843c\" data-element_type=\"container\" data-settings=\"{&quot;content_width&quot;:&quot;boxed&quot;}\" data-core-v316-plus=\"true\"><div class=\"e-con-inner\"><div class=\"elementor-element elementor-element-e4dbbde e-con-full e-flex e-con e-child\" data-id=\"e4dbbde\" data-element_type=\"container\" data-settings=\"{&quot;content_width&quot;:&quot;full&quot;}\"><div class=\"elementor-element elementor-element-873cf88 elementor-widget elementor-widget-text-editor\" data-id=\"873cf88\" data-element_type=\"widget\" data-widget_type=\"text-editor.default\"><div class=\"elementor-widget-container\"><p class=\"siteorigin-widget-tinymce textwidget\">Notre site utilise des cookies, \u00e9galement connus sous le nom de traceurs, qui nous permettent de collecter des informations stock\u00e9es sur votre appareil. Ces cookies sont essentiels pour le fonctionnement du site et ne requi\u00e8rent pas votre accord pr\u00e9alable. Ils sont utilis\u00e9s pour compiler des statistiques anonymes sur les visites du site.<\/p><\/div><\/div><\/div><\/div><\/div><\/div><\/div><\/div><\/div><div class=\"col-xs-12 col-md-6\"><p>Ces cookies ne peuvent pas \u00eatre d\u00e9sactiv\u00e9s directement via notre site. Toutefois, vous avez la possibilit\u00e9 de les bloquer ou de les restreindre en modifiant les param\u00e8tres de votre navigateur. Cette op\u00e9ration est g\u00e9n\u00e9ralement simple et peut \u00eatre r\u00e9alis\u00e9e en activant la fonction de navigation priv\u00e9e ou en g\u00e9rant directement les cookies. Si des cookies ont \u00e9t\u00e9 install\u00e9s avant cette configuration, nous vous recommandons d&rsquo;effacer votre historique de navigation via les param\u00e8tres de votre navigateur.<\/p><p>Le recours \u00e0 ces traceurs est conforme \u00e0 l&rsquo;article 32 II de la loi n\u00b0 78-17 du 6 janvier 1978, en application de l&rsquo;article 5.3 de la directive europ\u00e9enne 2002\/58\/CE, amend\u00e9e par la directive 2009\/136\/CE.<\/p><p>Pour plus d&rsquo;informations sur les cookies et leur gestion, veuillez visiter le site de la CNIL \u00e0 l&rsquo;adresse <a href=\"http:\/\/www.cnil.fr\/\" target=\"_new\" rel=\"noopener\">www.cnil.fr<\/a>.<\/p><\/div>\t\t\t\t\t\t\t\t<\/div>\n\t\t\t\t<\/div>\n\t\t\t\t\t<\/div>\n\t\t\t\t<\/div>\n\t\t<div class=\"elementor-element elementor-element-b6acf50 e-flex e-con-boxed e-con e-parent\" data-id=\"b6acf50\" data-element_type=\"container\" data-settings=\"{&quot;shape_divider_top&quot;:&quot;waves&quot;}\">\n\t\t\t\t\t<div class=\"e-con-inner\">\n\t\t\t\t<div class=\"elementor-shape elementor-shape-top\" aria-hidden=\"true\" data-negative=\"false\">\n\t\t\t<svg xmlns=\"http:\/\/www.w3.org\/2000\/svg\" viewBox=\"0 0 1000 100\" preserveAspectRatio=\"none\">\n\t<path class=\"elementor-shape-fill\" d=\"M421.9,6.5c22.6-2.5,51.5,0.4,75.5,5.3c23.6,4.9,70.9,23.5,100.5,35.7c75.8,32.2,133.7,44.5,192.6,49.7\n\tc23.6,2.1,48.7,3.5,103.4-2.5c54.7-6,106.2-25.6,106.2-25.6V0H0v30.3c0,0,72,32.6,158.4,30.5c39.2-0.7,92.8-6.7,134-22.4\n\tc21.2-8.1,52.2-18.2,79.7-24.2C399.3,7.9,411.6,7.5,421.9,6.5z\"\/>\n<\/svg>\t\t<\/div>\n\t\t\t\t<div class=\"elementor-element elementor-element-5b59a7c elementor-widget elementor-widget-heading\" data-id=\"5b59a7c\" data-element_type=\"widget\" data-widget_type=\"heading.default\">\n\t\t\t\t<div class=\"elementor-widget-container\">\n\t\t\t\t\t<h2 class=\"elementor-heading-title elementor-size-default\">Gestion des Donn\u00e9es Personnelles<\/h2>\t\t\t\t<\/div>\n\t\t\t\t<\/div>\n\t\t\t\t<div class=\"elementor-element elementor-element-606dc03 elementor-widget elementor-widget-text-editor\" data-id=\"606dc03\" data-element_type=\"widget\" data-widget_type=\"text-editor.default\">\n\t\t\t\t<div class=\"elementor-widget-container\">\n\t\t\t\t\t\t\t\t\t<div class=\"row\"><div class=\"col-xs-12 col-md-6\"><div class=\"elementor-element elementor-element-7458eaa e-con-full e-flex e-con e-child\" data-id=\"7458eaa\" data-element_type=\"container\"><div class=\"elementor-element elementor-element-69e0ccc elementor-widget elementor-widget-text-editor\" data-id=\"69e0ccc\" data-element_type=\"widget\" data-widget_type=\"text-editor.default\"><div class=\"elementor-widget-container\"><div class=\"elementor-element elementor-element-257843c e-flex e-con-boxed e-con e-parent\" data-id=\"257843c\" data-element_type=\"container\" data-settings=\"{&quot;content_width&quot;:&quot;boxed&quot;}\" data-core-v316-plus=\"true\"><div class=\"e-con-inner\"><div class=\"elementor-element elementor-element-e4dbbde e-con-full e-flex e-con e-child\" data-id=\"e4dbbde\" data-element_type=\"container\" data-settings=\"{&quot;content_width&quot;:&quot;full&quot;}\"><div class=\"elementor-element elementor-element-873cf88 elementor-widget elementor-widget-text-editor\" data-id=\"873cf88\" data-element_type=\"widget\" data-widget_type=\"text-editor.default\"><div class=\"elementor-widget-container\">Les donn\u00e9es que vous fournissez sur ce site (via des formulaires, votre compte client, etc.) sont collect\u00e9es et stock\u00e9es dans un fichier num\u00e9rique par l&rsquo;\u00e9diteur de ce site afin de simplifier et am\u00e9liorer nos interactions. Ces informations sont conserv\u00e9es le temps n\u00e9cessaire pour g\u00e9rer nos relations client. En vertu de la loi \u00ab informatique et libert\u00e9s \u00bb, vous avez le droit de consulter, de modifier, et de rectifier les donn\u00e9es personnelles qui vous concernent. Vous pouvez exercer ce droit en nous contactant via notre formulaire de contact. Pour plus de d\u00e9tails sur la gestion de vos donn\u00e9es personnelles, nous vous invitons \u00e0 visiter le site de la CNIL \u00e0 l&rsquo;adresse <a href=\"http:\/\/www.cnil.fr\/\" target=\"_new\" rel=\"noopener\">www.cnil.fr<\/a>.<\/div><\/div><\/div><\/div><\/div><\/div><\/div><\/div><\/div><\/div>\t\t\t\t\t\t\t\t<\/div>\n\t\t\t\t<\/div>\n\t\t\t\t\t<\/div>\n\t\t\t\t<\/div>\n\t\t\t\t<\/div>\n\t\t","protected":false},"excerpt":{"rendered":"<p>Mentions l\u00e9gales Editeur du site Internet Le site Internet atelierdespetitsregards.fr. Responsable de publication : Mme Marion DavidForme juridique : SARLSi\u00e8ge social : 28, Avenue de la r\u00e9publique 44600 Saint NazaireSIRET : 912 412 665 00024Code APE : 4778AAdresse mail : atelierdespetitsregards@gmail.com T\u00e9l\u00e9phone : 0251750271N\u00b0 TVA intracommunautaire : FR51912412665N\u00b0 RCS : Saint Nazaire 912 412 665 [&hellip;]<\/p>\n","protected":false},"author":1,"featured_media":0,"parent":0,"menu_order":0,"comment_status":"closed","ping_status":"closed","template":"","meta":{"footnotes":""},"class_list":["post-413","page","type-page","status-publish","hentry","entry"],"_links":{"self":[{"href":"https:\/\/atelierdespetitsregards.fr\/index.php\/wp-json\/wp\/v2\/pages\/413","targetHints":{"allow":["GET"]}}],"collection":[{"href":"https:\/\/atelierdespetitsregards.fr\/index.php\/wp-json\/wp\/v2\/pages"}],"about":[{"href":"https:\/\/atelierdespetitsregards.fr\/index.php\/wp-json\/wp\/v2\/types\/page"}],"author":[{"embeddable":true,"href":"https:\/\/atelierdespetitsregards.fr\/index.php\/wp-json\/wp\/v2\/users\/1"}],"replies":[{"embeddable":true,"href":"https:\/\/atelierdespetitsregards.fr\/index.php\/wp-json\/wp\/v2\/comments?post=413"}],"version-history":[{"count":44,"href":"https:\/\/atelierdespetitsregards.fr\/index.php\/wp-json\/wp\/v2\/pages\/413\/revisions"}],"predecessor-version":[{"id":2108,"href":"https:\/\/atelierdespetitsregards.fr\/index.php\/wp-json\/wp\/v2\/pages\/413\/revisions\/2108"}],"wp:attachment":[{"href":"https:\/\/atelierdespetitsregards.fr\/index.php\/wp-json\/wp\/v2\/media?parent=413"}],"curies":[{"name":"wp","href":"https:\/\/api.w.org\/{rel}","templated":true}]}}